{"id":596,"date":"2022-03-23T09:07:17","date_gmt":"2022-03-23T09:07:17","guid":{"rendered":"https:\/\/shroomschocolatebars.com\/?post_type=product&#038;p=596"},"modified":"2024-09-01T01:05:08","modified_gmt":"2024-09-01T01:05:08","slug":"champignons-zu-verkaufen-2","status":"publish","type":"product","link":"https:\/\/shroomschocolatebars.com\/de\/product\/burmese-magic-mushrooms\/","title":{"rendered":"Birmesische Zauberpilze"},"content":{"rendered":"<h2><strong>Birmesische Zauberpilze online kaufen<\/strong><\/h2>\n<p>Willkommen bei der ultimativen Anlaufstelle f\u00fcr den Kauf von burmesischen Magic Mushrooms, die f\u00fcr ihre au\u00dfergew\u00f6hnliche Potenz und einzigartige Wirkung bekannt sind. Unser umfassender Leitfaden bietet Ihnen alle Informationen, die Sie ben\u00f6tigen, um einen informierten Kauf zu t\u00e4tigen und ein unvergessliches und sicheres Erlebnis zu gew\u00e4hrleisten.<\/p>\n<h3><strong>Was sind birmanische Magic Mushrooms?<\/strong><\/h3>\n<p>Die birmanischen Magic Mushrooms geh\u00f6ren zur Art Psilocybe Cubensis, einer der beliebtesten und am h\u00e4ufigsten konsumierten Arten von Magic Mushrooms. Diese Sorte wurde urspr\u00fcnglich von John W. Allen, einem Amateur-Ethnomykologen, in Birma (heute Myanmar) entdeckt. Diese Pilze sind f\u00fcr ihr schnelles Wachstum und ihre hohe Potenz bekannt, was sie sowohl bei Anf\u00e4ngern als auch bei erfahrenen Psychonauten beliebt macht.<\/p>\n<h4><strong>Warum birmanische Magic Mushrooms w\u00e4hlen?<\/strong><\/h4>\n<ol>\n<li><strong>Hohe Potenz<\/strong>: Die burmesischen Magic Mushrooms sind f\u00fcr ihre \u00fcberdurchschnittliche Potenz bekannt. Sie haben eine starke psychoaktive Wirkung, die zu einer tiefgreifenden und introspektiven Erfahrung f\u00fchren kann.<\/li>\n<li><strong>Visuelle und mentale Effekte<\/strong>: Nutzer berichten von intensiven visuellen Verbesserungen, Euphorie und tiefer Introspektion. Die Erfahrung kann je nach Dosierung und individueller Vertr\u00e4glichkeit variieren, umfasst aber in der Regel eine gesteigerte Wertsch\u00e4tzung f\u00fcr Musik und Kunst sowie ein Gef\u00fchl der Verbundenheit mit der Natur.<\/li>\n<li><strong>Vielseitigkeit<\/strong>: Egal, ob Sie auf der Suche nach einer sanften Reise oder einem intensiven Trip sind, die burmesischen Magic Mushrooms k\u00f6nnen je nach Vorliebe dosiert werden.<\/li>\n<\/ol>\n<h4><strong>Verbrauchsmethoden<\/strong><\/h4>\n<ol>\n<li><strong>Kauen und Schlucken<\/strong>: Die einfachste Methode. Kaue die Pilze gr\u00fcndlich, damit alle psychoaktiven Verbindungen freigesetzt und absorbiert werden k\u00f6nnen. Die Wirkung setzt normalerweise innerhalb von 45 Minuten ein.<\/li>\n<li><strong>Magic Mushroom Tee<\/strong>: Mit dieser Methode l\u00e4sst sich der erdige Geschmack der Pilze \u00fcberdecken. Die Pilze hacken oder zerkleinern, 10-15 Minuten in hei\u00dfem Wasser einweichen, abseihen und genie\u00dfen.<\/li>\n<li><strong>Mischen mit Lebensmitteln<\/strong>: Mischen Sie gemahlene Pilze in Ihre Lieblingsspeisen, z. B. in Smoothies oder Schokolade, um den Verzehr schmackhafter zu machen.<\/li>\n<\/ol>\n<h4><strong>Dosierungsempfehlungen<\/strong><\/h4>\n<ul>\n<li><strong>Mikrodosis (0,1-0,3 Gramm)<\/strong>: Sub-perzeptive Effekte, die die Kreativit\u00e4t steigern und \u00c4ngste abbauen k\u00f6nnen, ohne dass psychedelische Wirkungen sp\u00fcrbar sind.<\/li>\n<li><strong>Museumsdosis (0,5-1,5 Gramm)<\/strong>: Milde psychoaktive Wirkung, geeignet f\u00fcr eine leichte und \u00fcberschaubare Erfahrung.<\/li>\n<li><strong>M\u00e4\u00dfige Dosis (2-3,5 Gramm)<\/strong>: Bietet eine umfassende psychedelische Erfahrung mit erheblichen visuellen und auditiven Verbesserungen.<\/li>\n<li><strong>Hohe Dosis (4 Gramm und mehr)<\/strong>: Intensive und tiefgreifende Erfahrungen, nur f\u00fcr erfahrene Nutzer empfohlen.<\/li>\n<\/ul>\n<h3><strong>Warum uns w\u00e4hlen?<\/strong><\/h3>\n<p>Bei shroomschocolatebars sind wir stolz darauf, nur die besten Penis Envy Magic Mushrooms anzubieten. Unser Engagement f\u00fcr Qualit\u00e4t und Kundenzufriedenheit zeichnet uns aus. Wir bieten:<\/p>\n<ul>\n<li><strong>Transparenz:<\/strong>\u00a0Full details about our cultivation process and third-party testing results ensure you know exactly what you\u2019re getting.<\/li>\n<li><strong><a href=\"https:\/\/shroomschocolatebars.com\/de\/schifffahrtspolitik\/\">Diskreter Versand<\/a>:<\/strong>\u00a0Mit diskreter Verpackung und sicheren Versandmethoden legen wir Wert auf Ihre Privatsph\u00e4re.<\/li>\n<li><strong><a href=\"https:\/\/shroomschocolatebars.com\/de\/kontaktieren-sie-uns\/\">Kundenbetreuung<\/a>:<\/strong>\u00a0Unser sachkundiges und freundliches Kundenbetreuungsteam steht Ihnen bei allen Fragen und Anliegen zur Seite.<\/li>\n<\/ul>\n<h3><strong>Kundenrezensionen<\/strong><\/h3>\n<p>Unsere Kunden schw\u00e4rmen von der gleichbleibenden Qualit\u00e4t und der starken Wirkung unserer burmesischen Magic Mushrooms. Hier sind einige Erfahrungsberichte:<\/p>\n<ul>\n<li>&#8220;A truly enlightening experience! The visuals were incredible, and I felt a deep connection with nature.&#8221; &#8211; Alex P.<\/li>\n<li>&#8220;Perfect for a weekend trip. The effects were strong but manageable, and the shipping was super fast!&#8221; &#8211; Jamie L.<\/li>\n<\/ul>\n<h3><strong>Verwandte Produkte<\/strong><\/h3>\n<p>Wenn Ihnen die burmesischen Zauberpilze gefallen, m\u00f6gen Sie sie vielleicht auch:<\/p>\n<ul>\n<li><strong>Goldener Lehrer Magic Mushrooms<\/strong>: sind f\u00fcr ihre ausgewogene Wirkung und spirituellen Erfahrungen bekannt.<\/li>\n<li><strong>Amazonische Zauberpilze<\/strong>: Ber\u00fchmt f\u00fcr ihre starken visuellen und auditiven Halluzinationen.<\/li>\n<\/ul>\n<h3><strong>Schlussfolgerung<\/strong><\/h3>\n<p>Burmese Magic Mushrooms offer a potent and profound psychedelic experience. Whether you&#8217;re a first-timer or an experienced psychonaut, these mushrooms can provide a memorable journey into the depths of your consciousness. Purchase your Burmese Magic Mushrooms from our trusted online store and embark on a transformative adventure.<\/p>","protected":false},"excerpt":{"rendered":"<p><strong>Kaufen Sie die besten burmesischen Magic Mushrooms<\/strong><\/p>\n<p><strong><u>Mehr kaufen, mehr sparen:<\/u><\/strong><\/p>\n<ul>\n<li>28 Gramm = $170<\/li>\n<\/ul>\n<p><strong>Details zum Versand<\/strong>:<\/p>\n<ul>\n<li>Kostenloser Eilversand<\/li>\n<li>Wir versenden weltweit mit einer Tracking-Nummer zur Verf\u00fcgung gestellt<\/li>\n<li>Diskrete und vakuumversiegelte Verpackung f\u00fcr Ihre Privatsph\u00e4re<\/li>\n<\/ul>","protected":false},"featured_media":1132,"comment_status":"open","ping_status":"closed","template":"","meta":[],"product_brand":[],"product_cat":[45],"product_tag":[],"class_list":{"0":"post-596","1":"product","2":"type-product","3":"status-publish","4":"has-post-thumbnail","6":"product_cat-magic-mushroom","8":"first","9":"instock","10":"shipping-taxable","11":"purchasable","12":"product-type-simple"},"jetpack_sharing_enabled":true,"_links":{"self":[{"href":"https:\/\/shroomschocolatebars.com\/de\/wp-json\/wp\/v2\/product\/596","targetHints":{"allow":["GET"]}}],"collection":[{"href":"https:\/\/shroomschocolatebars.com\/de\/wp-json\/wp\/v2\/product"}],"about":[{"href":"https:\/\/shroomschocolatebars.com\/de\/wp-json\/wp\/v2\/types\/product"}],"replies":[{"embeddable":true,"href":"https:\/\/shroomschocolatebars.com\/de\/wp-json\/wp\/v2\/comments?post=596"}],"wp:featuredmedia":[{"embeddable":true,"href":"https:\/\/shroomschocolatebars.com\/de\/wp-json\/wp\/v2\/media\/1132"}],"wp:attachment":[{"href":"https:\/\/shroomschocolatebars.com\/de\/wp-json\/wp\/v2\/media?parent=596"}],"wp:term":[{"taxonomy":"product_brand","embeddable":true,"href":"https:\/\/shroomschocolatebars.com\/de\/wp-json\/wp\/v2\/product_brand?post=596"},{"taxonomy":"product_cat","embeddable":true,"href":"https:\/\/shroomschocolatebars.com\/de\/wp-json\/wp\/v2\/product_cat?post=596"},{"taxonomy":"product_tag","embeddable":true,"href":"https:\/\/shroomschocolatebars.com\/de\/wp-json\/wp\/v2\/product_tag?post=596"}],"curies":[{"name":"wp","href":"https:\/\/api.w.org\/{rel}","templated":true}]}}