{"id":562,"date":"2022-03-22T18:29:47","date_gmt":"2022-03-22T18:29:47","guid":{"rendered":"https:\/\/shroomschocolatebars.com\/?post_type=product&#038;p=562"},"modified":"2024-09-01T01:05:14","modified_gmt":"2024-09-01T01:05:14","slug":"blaue-magnolien-zauberpilze","status":"publish","type":"product","link":"https:\/\/shroomschocolatebars.com\/de\/product\/blue-magnolia-magic-mushrooms\/","title":{"rendered":"Blaue Magnolien Magic Mushrooms"},"content":{"rendered":"<h2><strong>Blue Magnolia Magic Mushrooms online kaufen<\/strong><\/h2>\n<p>Willkommen bei unserer exklusiven Auswahl an Blue Magnolia Magic Mushrooms, einer seltenen und sehr gefragten Sorte, die f\u00fcr ihre starke Wirkung und ihren einzigartigen visuellen Reiz bekannt ist. Egal ob Du ein erfahrener Psychonaut bist oder die Welt der Magic Mushrooms zum ersten Mal erkundest, Blue Magnolia verspricht eine Reise der Erleuchtung, Kreativit\u00e4t und tiefen Introspektion.<\/p>\n<h3><strong>Was sind Blue Magnolia Magic Mushrooms?<\/strong><\/h3>\n<p>Blue Magnolia Magic Mushrooms, wissenschaftlich bekannt als <strong>Psilocybe Cubensis<\/strong>sind eine neuere und extrem potente Sorte, die aus Wildproben aus Mississippi entwickelt wurde, die 2011 von den Mykologen Doc und Mycotek gesammelt wurden. Diese Pilze zeichnen sich durch ihre bl\u00e4ulichen Kappen mit Rostflecken und dicken Stielen aus und bieten ein einzigartiges visuelles und sensorisches Erlebnis.<\/p>\n<h3><strong>Wesentliche Merkmale:<\/strong><\/h3>\n<ul>\n<li><strong>St\u00e4mme:<\/strong> Blaue Magnolie<\/li>\n<li><strong>Potenz:<\/strong> High, vergleichbar mit der ber\u00fchmten Sorte Penis Envy<\/li>\n<li><strong>Auswirkungen:<\/strong> Lebendiges Bildmaterial, gesch\u00e4rfte Sinne, spirituelle und introspektive Erfahrungen<\/li>\n<li><strong>Form:<\/strong> Hochwertige getrocknete Kappen und Stiele<\/li>\n<\/ul>\n<h3><strong>Wirkungen von Blue Magnolia Magic Mushrooms<\/strong><\/h3>\n<p>Blue Magnolia Magic Mushrooms sind f\u00fcr ihre starke psychoaktive Wirkung bekannt. Konsumenten berichten oft von lebhaften visuellen Halluzinationen, verbesserter Sinneswahrnehmung und tiefen spirituellen Einsichten. Die Wirkungen k\u00f6nnen je nach Dosierung variieren:<\/p>\n<ul>\n<li><strong>Mikrodosis (0,2-0,5 g):<\/strong> Subtile Stimmungsaufhellung, erh\u00f6hte Kreativit\u00e4t und Produktivit\u00e4t ohne Halluzinationen.<\/li>\n<li><strong>Niedrige Dosis (0,5-1,0 g):<\/strong> Leichte visuelle und sensorische Ver\u00e4nderungen, ideal f\u00fcr soziale Situationen und kreative Unternehmungen.<\/li>\n<li><strong>Mittlere Dosis (1,0-2,0 g):<\/strong> Starke visuelle Eindr\u00fccke, Euphorie, tiefe Introspektion und ein Gef\u00fchl der Verbundenheit.<\/li>\n<li><strong>High Dose (2.5\u20135.0 g):<\/strong> Intensive Halluzinationen, die M\u00f6glichkeit des Egotods und tiefgreifende spirituelle Erfahrungen.<\/li>\n<\/ul>\n<h3><strong>Warum Blue Magnolia Magic Mushrooms w\u00e4hlen?<\/strong><\/h3>\n<ol>\n<li><strong>Hohe Potenz:<\/strong> Blue Magnolia ist f\u00fcr ihre starke Wirkung bekannt, was sie zu einem Favoriten unter erfahrenen Konsumenten macht, die eine starke psychedelische Reise suchen.<\/li>\n<li><strong>Therapeutischer Nutzen:<\/strong> Die Nutzer haben \u00fcber eine Linderung von Stress, Angst und Depressionen berichtet. Diese Pilze f\u00f6rdern auch Kreativit\u00e4t und Introspektion.<\/li>\n<li><strong>Selten und exklusiv:<\/strong> Diese Sorte ist relativ neu und selten auf dem Markt und bietet eine einzigartige Erfahrung f\u00fcr Pilzliebhaber.<\/li>\n<\/ol>\n<h3><strong>Warum uns w\u00e4hlen?<\/strong><\/h3>\n<p>Bei shroomschocolatebars sind wir stolz darauf, nur die besten Penis Envy Magic Mushrooms anzubieten. Unser Engagement f\u00fcr Qualit\u00e4t und Kundenzufriedenheit zeichnet uns aus. Wir bieten:<\/p>\n<ul>\n<li><strong>Transparenz:<\/strong>\u00a0Full details about our cultivation process and third-party testing results ensure you know exactly what you\u2019re getting.<\/li>\n<li><strong><a href=\"https:\/\/shroomschocolatebars.com\/de\/schifffahrtspolitik\/\">Diskreter Versand<\/a>:<\/strong>\u00a0Mit diskreter Verpackung und sicheren Versandmethoden legen wir Wert auf Ihre Privatsph\u00e4re.<\/li>\n<li><strong><a href=\"https:\/\/shroomschocolatebars.com\/de\/kontaktieren-sie-uns\/\">Kundenbetreuung<\/a>:<\/strong> Unser sachkundiges und freundliches Kundenbetreuungsteam steht Ihnen bei allen Fragen und Anliegen zur Seite.<\/li>\n<\/ul>\n<h3><strong>Dosierungsrichtlinien<\/strong><\/h3>\n<p>Aufgrund ihrer hohen Potenz ist es wichtig, mit einer niedrigen Dosis zu beginnen, um die eigene Vertr\u00e4glichkeit abzusch\u00e4tzen:<\/p>\n<ul>\n<li><strong>Mikrodosis (0,2-0,5 g):<\/strong> Ideal f\u00fcr Anf\u00e4nger, die ihre Stimmung und Kreativit\u00e4t ohne intensive Effekte verbessern wollen.<\/li>\n<li><strong>Kleine Dosis (0,5-1,0 g):<\/strong> Geeignet f\u00fcr alle, die eine leichte bis mittlere Wirkung, einschlie\u00dflich visueller und sensorischer Verbesserungen, w\u00fcnschen.<\/li>\n<li><strong>Durchschnittliche Dosis (1,0-2,0 g):<\/strong> Ein psychedelisches Erlebnis mit starken visuellen Eindr\u00fccken und tiefer Introspektion.<\/li>\n<li><strong>Starke Dosis (2,5-5,0 g):<\/strong> Empfohlen f\u00fcr erfahrene Nutzer, die eine tiefgreifende, m\u00f6glicherweise lebensver\u00e4ndernde Reise suchen.<\/li>\n<\/ul>\n<h3><strong>Sicherer und gesch\u00fctzter Online-Kauf<\/strong><\/h3>\n<p>Wir bieten ein bequemes und diskretes Online-Einkaufserlebnis f\u00fcr Blue Magnolia Magic Mushrooms. Unsere Produkte werden im Labor auf Qualit\u00e4t und Potenz getestet, damit Sie das bestm\u00f6gliche Produkt erhalten. Genie\u00dfen Sie schnellen und sicheren Versand mit kostenloser Lieferung auf Bestellungen \u00fcber $50 innerhalb Kanadas.<\/p>\n<h3><strong>Kundenzufriedenheit<\/strong><\/h3>\n<p>Wir sind stolz auf die Zufriedenheit unserer Kunden und liefern mit jedem Kauf detaillierte Dosierungs- und Sicherheitsrichtlinien. Unsere Verpackungen sind vakuumversiegelt, um maximale Frische und diskrete Lieferung zu gew\u00e4hrleisten.<\/p>\n<h3><strong>Wie man Blaue Magnolien-Zauberpilze kauft<\/strong><\/h3>\n<p>Der Kauf von Blue Magnolia Magic Mushrooms ist einfach und sicher. W\u00e4hlen Sie aus verschiedenen Mengen, um Ihren Bed\u00fcrfnissen gerecht zu werden:<\/p>\n<ul>\n<li><strong>3.5g<\/strong><\/li>\n<li><strong>7g<\/strong><\/li>\n<li><strong>14g<\/strong><\/li>\n<li><strong>28g<\/strong><\/li>\n<\/ul>\n<p>Jedem Kauf liegen ausf\u00fchrliche Gebrauchsanweisungen und Sicherheitsvorkehrungen bei, um ein sicheres und angenehmes Erlebnis zu gew\u00e4hrleisten.<\/p>\n<h3><strong>Schlussfolgerung<\/strong><\/h3>\n<p>G\u00f6nnen Sie sich die einzigartige und kraftvolle Erfahrung der Blue Magnolia Magic Mushrooms. Ob Du nach therapeutischen Vorteilen, kreativen Verbesserungen oder einer tiefgreifenden spirituellen Reise suchst, Blue Magnolia bietet eine vielseitige und starke Option. Kaufen Sie jetzt und erh\u00f6hen Sie Ihre psychedelische Erfahrung mit der Eleganz und Einsicht, die nur Blue Magnolia bieten kann.<\/p>","protected":false},"excerpt":{"rendered":"<p><strong>Kaufen Sie die besten Blue Magnolia Magic Mushrooms<\/strong><\/p>\n<p><strong><u>Mehr kaufen, mehr sparen:<\/u><\/strong><\/p>\n<ul>\n<li>28 Gramm = $170<\/li>\n<\/ul>\n<p><strong>Details zum Versand<\/strong>:<\/p>\n<ul>\n<li>Kostenloser Eilversand<\/li>\n<li>Wir versenden weltweit mit einer Tracking-Nummer zur Verf\u00fcgung gestellt<\/li>\n<li>Diskrete und vakuumversiegelte Verpackung f\u00fcr Ihre Privatsph\u00e4re<\/li>\n<\/ul>","protected":false},"featured_media":1043,"comment_status":"open","ping_status":"closed","template":"","meta":[],"product_brand":[],"product_cat":[45],"product_tag":[],"class_list":{"0":"post-562","1":"product","2":"type-product","3":"status-publish","4":"has-post-thumbnail","6":"product_cat-magic-mushroom","8":"first","9":"instock","10":"shipping-taxable","11":"purchasable","12":"product-type-simple"},"jetpack_sharing_enabled":true,"_links":{"self":[{"href":"https:\/\/shroomschocolatebars.com\/de\/wp-json\/wp\/v2\/product\/562","targetHints":{"allow":["GET"]}}],"collection":[{"href":"https:\/\/shroomschocolatebars.com\/de\/wp-json\/wp\/v2\/product"}],"about":[{"href":"https:\/\/shroomschocolatebars.com\/de\/wp-json\/wp\/v2\/types\/product"}],"replies":[{"embeddable":true,"href":"https:\/\/shroomschocolatebars.com\/de\/wp-json\/wp\/v2\/comments?post=562"}],"wp:featuredmedia":[{"embeddable":true,"href":"https:\/\/shroomschocolatebars.com\/de\/wp-json\/wp\/v2\/media\/1043"}],"wp:attachment":[{"href":"https:\/\/shroomschocolatebars.com\/de\/wp-json\/wp\/v2\/media?parent=562"}],"wp:term":[{"taxonomy":"product_brand","embeddable":true,"href":"https:\/\/shroomschocolatebars.com\/de\/wp-json\/wp\/v2\/product_brand?post=562"},{"taxonomy":"product_cat","embeddable":true,"href":"https:\/\/shroomschocolatebars.com\/de\/wp-json\/wp\/v2\/product_cat?post=562"},{"taxonomy":"product_tag","embeddable":true,"href":"https:\/\/shroomschocolatebars.com\/de\/wp-json\/wp\/v2\/product_tag?post=562"}],"curies":[{"name":"wp","href":"https:\/\/api.w.org\/{rel}","templated":true}]}}