{"id":556,"date":"2022-03-22T18:09:41","date_gmt":"2022-03-22T18:09:41","guid":{"rendered":"https:\/\/shroomschocolatebars.com\/?post_type=product&#038;p=556"},"modified":"2024-09-01T01:05:15","modified_gmt":"2024-09-01T01:05:15","slug":"grose-mexikanische-zauberpilze","status":"publish","type":"product","link":"https:\/\/shroomschocolatebars.com\/de\/product\/big-mex-magic-mushrooms\/","title":{"rendered":"Big Mex Magic Mushrooms"},"content":{"rendered":"<p><strong>Kaufen Sie die besten Penisneid Magic Mushrooms.<\/strong><\/p>\n<p><strong><u>Mehr kaufen, mehr sparen:<\/u><\/strong><\/p>\n<ul>\n<li>28 Gramm = $170<\/li>\n<\/ul>\n<p><strong>Details zum Versand<\/strong>:<\/p>\n<ul>\n<li>Kostenloser Eilversand<\/li>\n<li>Wir versenden weltweit mit einer Tracking-Nummer zur Verf\u00fcgung gestellt<\/li>\n<li>Diskrete und vakuumversiegelte Verpackung f\u00fcr Ihre Privatsph\u00e4re<\/li>\n<\/ul>\n<p>Willkommen bei der ultimativen Adresse f\u00fcr Big Mex Magic Mushrooms, auch bekannt als Psilocybe Cubensis Mexicana. Diese Pilze, die f\u00fcr ihre milde, ausgewogene Wirkung und ihre tief verwurzelte historische Bedeutung verehrt werden, sind perfekt f\u00fcr Erstkonsumenten und erfahrene Psychonauten, die eine zuverl\u00e4ssige und bereichernde Erfahrung suchen.<\/p>\n<h3><strong>Historische Bedeutung und Urspr\u00fcnge<\/strong><\/h3>\n<p>Big Mex Magic Mushrooms have a rich history, dating back over 2000 years to the ancient Aztecs, who used them for spiritual and religious purposes. The Aztecs referred to these mushrooms as &#8220;teonan\u00e1catl,&#8221; meaning &#8220;flesh of the gods,&#8221; and used them in rituals to communicate with deities and gain profound insights into life and nature\u200b.<\/p>\n<h3><strong>Auswirkungen und Erfahrungen<\/strong><\/h3>\n<p>After consuming Big Mex Magic Mushrooms, users typically start to feel the effects within 10\u201340 minutes. The experience can last between 3-6 hours, depending on the dosage. Here&#8217;s what you can expect:<\/p>\n<ol>\n<li><strong>Stimmungsaufhellung<\/strong>: Users often report feelings of euphoria, excitement, and an overall sense of well-being. These mushrooms are known for enhancing moods and bringing about a sense of positivity and joy\u200b.<\/li>\n<li><strong>Visuelle und sensorische Erweiterungen<\/strong>: Depending on the dosage, users may experience mild to intense visual enhancements. Colors may appear more vibrant, objects may seem to breathe, and nature might feel more alive. Music and art are often perceived more profoundly, creating a deeper appreciation and personal connection to them\u200b<span class=\"\" data-state=\"closed\"><span class=\"text-token-text-secondary\"> .<\/span><\/span><\/li>\n<li><strong>Introspektive und spirituelle Erkundung<\/strong>: Big Mex is well-regarded for facilitating introspective thought and spiritual exploration. This makes it a great choice for those seeking to delve into personal insights or have a more profound understanding of themselves and the world around them\u200b.<\/li>\n<li><strong>Kreativit\u00e4t und originelle Gedanken<\/strong>: Many users report a boost in creativity and originality. This makes these mushrooms a popular choice among artists, writers, and anyone looking to tap into their creative potential\u200b<span class=\"\" data-state=\"closed\"><span class=\"text-token-text-secondary\"> .<\/span><\/span><\/li>\n<\/ol>\n<h3><strong>Ideale Dosierung<\/strong><\/h3>\n<p>For those new to Big Mex Magic Mushrooms, it is recommended to start with a lower dosage to gauge your body&#8217;s reaction. Common dosages include:<\/p>\n<ul>\n<li><strong>Mikrodosis (0,1-0,5 g)<\/strong>: F\u00fcr subtile Effekte ohne starke psychoaktive Erfahrung. Hervorragend zur F\u00f6rderung von Kreativit\u00e4t und Konzentration.<\/li>\n<li><strong>Museumsdosis (0,5-1,5g)<\/strong>: Bietet eine milde psychedelische Erfahrung mit visuellen und sensorischen Verst\u00e4rkungen.<\/li>\n<li><strong>M\u00e4\u00dfige Dosis (2-3,5g)<\/strong>: Offers a more intense experience, suitable for deeper introspection and spiritual journeys\u200b<span class=\"\" data-state=\"closed\"><span class=\"text-token-text-secondary\"> .<\/span><\/span><\/li>\n<\/ul>\n<h3><strong>Wie man konsumiert<\/strong><\/h3>\n<p>Big Mex Magic Mushrooms k\u00f6nnen auf verschiedene Arten konsumiert werden:<\/p>\n<ol>\n<li><strong>Kauen<\/strong>: Kauen Sie die Pilze langsam, damit sich die psychoaktiven Substanzen mit Ihrem Speichel vermischen und schneller aufgenommen werden k\u00f6nnen.<\/li>\n<li><strong>Tee<\/strong>: Brewing the mushrooms into a tea can help reduce nausea and make the consumption experience more pleasant. Effects usually start 15\u201330 minutes after ingestion when consumed this way\u200b<span class=\"\" data-state=\"closed\"><span class=\"text-token-text-secondary\">\u00a0<\/span><\/span><\/li>\n<\/ol>\n<h3><strong>Warum uns w\u00e4hlen?<\/strong><\/h3>\n<p>Unter <a href=\"https:\/\/shroomschocolatebars.com\/de\/\">shroomschocolatebars<\/a>Wir sind stolz darauf, nur die besten Penis Envy Magic Mushrooms anzubieten. Unser Engagement f\u00fcr Qualit\u00e4t und Kundenzufriedenheit zeichnet uns aus. Wir bieten:<\/p>\n<ul>\n<li><strong>Transparenz:<\/strong>\u00a0Full details about our cultivation process and third-party testing results ensure you know exactly what you\u2019re getting.<\/li>\n<li><strong><a href=\"https:\/\/shroomschocolatebars.com\/de\/schifffahrtspolitik\/\">Diskreter Versand<\/a>:<\/strong>\u00a0Mit diskreter Verpackung und sicheren Versandmethoden legen wir Wert auf Ihre Privatsph\u00e4re.<\/li>\n<li><strong><a href=\"https:\/\/shroomschocolatebars.com\/de\/kontaktieren-sie-uns\/\">Kundenbetreuung<\/a>:<\/strong>\u00a0Unser sachkundiges und freundliches Kundenbetreuungsteam steht Ihnen bei allen Fragen und Anliegen zur Seite.<\/li>\n<\/ul>\n<h3><strong><br \/>\nPotenz und Sicherheit<\/strong><\/h3>\n<p>Big Mex Magic Mushrooms are moderately potent, making them a great choice for beginners. They are not the strongest in the Psilocybe Cubensis family but offer a well-rounded and manageable experience. Always start with a low dose, especially if you are new to psychedelics, and ensure you are in a safe, comfortable environment\u200b<\/p>\n<p><strong>Kaufoptionen und Verf\u00fcgbarkeit<\/strong><\/p>\n<p>In unserem Gesch\u00e4ft bieten wir Big Mex Magic Mushrooms in verschiedenen Mengen an, um Ihren Bed\u00fcrfnissen gerecht zu werden:<\/p>\n<ul>\n<li><strong>3.5g<\/strong>: Ideal f\u00fcr diejenigen, die eine kleine Menge oder Mikrodosierung ausprobieren m\u00f6chten.<\/li>\n<li><strong>7g, 14g, 28g<\/strong>: F\u00fcr diejenigen, die eine moderate Menge suchen, perfekt f\u00fcr mehrere Sitzungen oder zum Teilen mit Freunden.<\/li>\n<li><strong>112g, 224g<\/strong>: Bulk options for enthusiasts and regular users who want to stock up\u200b&nbsp;\n<p>Wir stellen sicher, dass unsere Pilze von h\u00f6chster Qualit\u00e4t sind, von vertrauensw\u00fcrdigen Z\u00fcchtern stammen und mit Sorgfalt behandelt werden, um ihre Wirksamkeit und Reinheit zu erhalten.<\/li>\n<\/ul>\n<h3><strong>Nutzerbewertungen und Erfahrungsberichte<\/strong><\/h3>\n<p>Our customers love Big Mex Magic Mushrooms for their balanced effects and reliability. Here\u2019s what some of them have to say:<\/p>\n<ul>\n<li><strong>Cindy B.<\/strong>: &#8220;Great strain for microdosing. They give a nice boost of energy with a lot of focus.&#8221;<\/li>\n<li><strong>Vanessa D.<\/strong>: &#8220;I&#8217;m totally new at this. My first impression was that it was really mild, but I&#8217;m trying again and I&#8217;ll be a better judge.&#8221;<\/li>\n<li><strong>Adele<\/strong>: &#8220;I experienced my first guided mushroom ceremony, which changed my life forever. It helped me with childhood trauma and brought about a deep spiritual awakening&#8221;\u200b<span class=\"\" data-state=\"closed\"><span class=\"text-token-text-secondary\"> (<\/span><a class=\"text-green-600 !no-underline\" href=\"https:\/\/dose.land\/product\/big-mex-mushrooms-copy\/\" target=\"_blank\" rel=\"noopener noreferrer\">Dose Magic Mushroom Shop<\/a><span class=\"text-token-text-secondary\">)<\/span><\/span>\u200b.<\/li>\n<\/ul>\n<h3><strong>Schlussfolgerung<\/strong><\/h3>\n<p>Big Mex Magic Mushrooms offer a reliable, enriching experience that balances visual, sensory, and introspective effects. Whether you\u2019re a beginner or an experienced user, these mushrooms provide a gentle yet profound journey into the realms of creativity, spirituality, and personal insight. Purchase from our store today and embark on a transformative adventure with Big Mex Magic Mushrooms.<\/p>\n<p>F\u00fcr weitere Informationen, um eine Bestellung aufzugeben oder weitere Bewertungen zu lesen, besuchen Sie unsere Produktseite.<\/p>","protected":false},"excerpt":{"rendered":"<p><strong>Kaufen Sie die besten Big Mex Magic Mushrooms<\/strong><\/p>\n<p><strong><u>Mehr kaufen, mehr sparen:<\/u><\/strong><\/p>\n<ul>\n<li>28 Gramm = $170<\/li>\n<\/ul>\n<p><strong>Details zum Versand<\/strong>:<\/p>\n<ul>\n<li>Kostenloser Eilversand<\/li>\n<li>Wir versenden weltweit mit einer Tracking-Nummer zur Verf\u00fcgung gestellt<\/li>\n<li>Diskrete und vakuumversiegelte Verpackung f\u00fcr Ihre Privatsph\u00e4re<\/li>\n<\/ul>","protected":false},"featured_media":1151,"comment_status":"open","ping_status":"closed","template":"","meta":[],"product_brand":[],"product_cat":[45],"product_tag":[],"class_list":{"0":"post-556","1":"product","2":"type-product","3":"status-publish","4":"has-post-thumbnail","6":"product_cat-magic-mushroom","8":"first","9":"instock","10":"shipping-taxable","11":"purchasable","12":"product-type-simple"},"jetpack_sharing_enabled":true,"_links":{"self":[{"href":"https:\/\/shroomschocolatebars.com\/de\/wp-json\/wp\/v2\/product\/556","targetHints":{"allow":["GET"]}}],"collection":[{"href":"https:\/\/shroomschocolatebars.com\/de\/wp-json\/wp\/v2\/product"}],"about":[{"href":"https:\/\/shroomschocolatebars.com\/de\/wp-json\/wp\/v2\/types\/product"}],"replies":[{"embeddable":true,"href":"https:\/\/shroomschocolatebars.com\/de\/wp-json\/wp\/v2\/comments?post=556"}],"wp:featuredmedia":[{"embeddable":true,"href":"https:\/\/shroomschocolatebars.com\/de\/wp-json\/wp\/v2\/media\/1151"}],"wp:attachment":[{"href":"https:\/\/shroomschocolatebars.com\/de\/wp-json\/wp\/v2\/media?parent=556"}],"wp:term":[{"taxonomy":"product_brand","embeddable":true,"href":"https:\/\/shroomschocolatebars.com\/de\/wp-json\/wp\/v2\/product_brand?post=556"},{"taxonomy":"product_cat","embeddable":true,"href":"https:\/\/shroomschocolatebars.com\/de\/wp-json\/wp\/v2\/product_cat?post=556"},{"taxonomy":"product_tag","embeddable":true,"href":"https:\/\/shroomschocolatebars.com\/de\/wp-json\/wp\/v2\/product_tag?post=556"}],"curies":[{"name":"wp","href":"https:\/\/api.w.org\/{rel}","templated":true}]}}