{"id":470,"date":"2022-03-20T05:21:07","date_gmt":"2022-03-20T05:21:07","guid":{"rendered":"https:\/\/shroomschocolatebars.com\/?post_type=product&#038;p=470"},"modified":"2024-09-01T01:05:23","modified_gmt":"2024-09-01T01:05:23","slug":"amazonische-zauberpilze","status":"publish","type":"product","link":"https:\/\/shroomschocolatebars.com\/de\/product\/amazonian-magic-mushrooms\/","title":{"rendered":"Amazonische Zauberpilze"},"content":{"rendered":"<h2><strong>Amazonian Magic Mushrooms kaufen\u00a0<\/strong><\/h2>\n<p>Amazonian Magic Mushrooms, wissenschaftlich bekannt als <em>Psilocybe cubensis<\/em>sind eine starke und begehrte Sorte psychedelischer Pilze. Urspr\u00fcnglich stammen sie aus den \u00fcppigen Regenw\u00e4ldern des Amazonas und haben eine reiche Geschichte der Verwendung in spirituellen und schamanischen Ritualen. Heute sind sie bei Psychonauten und Freizeitkonsumenten wegen ihrer tiefgreifenden halluzinogenen Wirkung beliebt, die eine Reise in die Introspektion, Euphorie und visuelle Stimulation bietet.<\/p>\n<h3><strong>Was macht Zauberpilze aus dem Amazonasgebiet so einzigartig?<\/strong><\/h3>\n<p>Amazonian Magic Mushrooms werden f\u00fcr ihren hohen Psilocybin-Gehalt verehrt, der starke und lebendige Trips hervorruft. Die Konsumenten berichten oft von intensiven visuellen und auditiven Halluzinationen, einem tiefen Gef\u00fchl der Verbundenheit mit der Natur und einem tiefgreifenden Gef\u00fchl der Euphorie. Diese Pilze sind ideal f\u00fcr alle, die eine starke und transformative psychedelische Erfahrung suchen.<\/p>\n<h4>Wesentliche Merkmale:<\/h4>\n<ul>\n<li><strong>Herkunft:<\/strong> Amazonas-Regenwald<\/li>\n<li><strong>Spezies:<\/strong> Psilocybe cubensis<\/li>\n<li><strong>Potenz:<\/strong> Hoch<\/li>\n<li><strong>Auswirkungen:<\/strong> Euphorie, visuelle und auditive Halluzinationen, spirituelles Erwachen, tiefe Introspektion<\/li>\n<\/ul>\n<h3><strong>Auswirkungen und Erfahrungen<\/strong><\/h3>\n<p>Wenn Sie Amazonian Magic Mushrooms konsumieren, k\u00f6nnen Sie eine Reise erwarten, die zwischen 4 und 6 Stunden dauert. Der Trip beginnt in der Regel mit einem Gef\u00fchl der Euphorie und Leichtigkeit und f\u00fchrt allm\u00e4hlich zu intensiveren visuellen und auditiven Verzerrungen. Viele Konsumenten berichten von tiefgreifenden Einsichten, emotionalen Durchbr\u00fcchen und einem gesteigerten Sinn f\u00fcr Kreativit\u00e4t.<\/p>\n<h4><strong>Allgemeine Auswirkungen:<\/strong><\/h4>\n<ul>\n<li><strong>Euphorie:<\/strong> Ein gesteigertes Gef\u00fchl von Gl\u00fcck und Wohlbefinden.<\/li>\n<li><strong>Visuelle Halluzinationen:<\/strong> Leuchtende Farben, Muster und Bewegung in der Umgebung.<\/li>\n<li><strong>Auditive Halluzinationen:<\/strong> Verst\u00e4rkte Wahrnehmung von Ger\u00e4uschen, die oft zu auditiven Halluzinationen f\u00fchrt.<\/li>\n<li><strong>Introspektion:<\/strong> Tiefe, nachdenkliche Gedanken und ein Gef\u00fchl des spirituellen Erwachens.<\/li>\n<\/ul>\n<h3><strong>Wie man Amazonian Magic Mushrooms sicher verwendet<\/strong><\/h3>\n<p>Safety is paramount when embarking on a psychedelic journey. Start with a low dose, especially if you are new to magic mushrooms. This allows you to gauge your body&#8217;s reaction and avoid an overwhelming experience. Always consume mushrooms in a safe, comfortable environment, ideally with a trusted friend who can act as a trip sitter.<\/p>\n<h3><strong>Warum uns w\u00e4hlen?<\/strong><\/h3>\n<p>Bei shroomschocolatebars sind wir stolz darauf, nur die besten Penis Envy Magic Mushrooms anzubieten. Unser Engagement f\u00fcr Qualit\u00e4t und Kundenzufriedenheit zeichnet uns aus. Wir bieten:<\/p>\n<ul>\n<li><strong>Transparenz:<\/strong>\u00a0Full details about our cultivation process and third-party testing results ensure you know exactly what you\u2019re getting.<\/li>\n<li><strong><a href=\"https:\/\/shroomschocolatebars.com\/de\/schifffahrtspolitik\/\">Diskreter Versand<\/a>:<\/strong>\u00a0Mit diskreter Verpackung und sicheren Versandmethoden legen wir Wert auf Ihre Privatsph\u00e4re.<\/li>\n<li><strong><a href=\"https:\/\/shroomschocolatebars.com\/de\/kontaktieren-sie-uns\/\">Kundenbetreuung<\/a>:<\/strong>\u00a0Unser sachkundiges und freundliches Kundenbetreuungsteam steht Ihnen bei allen Fragen und Anliegen zur Seite.<\/li>\n<\/ul>\n<h4><strong>Dosierungsanleitung:<\/strong><\/h4>\n<ul>\n<li><strong>Mikrodosis:<\/strong> 0.1 &#8211; 0.5 grams for subtle effects.<\/li>\n<li><strong>Niedrige Dosis:<\/strong> 0.5 &#8211; 1.5 grams for a mild trip.<\/li>\n<li><strong>M\u00e4\u00dfige Dosis:<\/strong> 1.5 &#8211; 3 grams for a standard psychedelic experience.<\/li>\n<li><strong>Hohe Dosis:<\/strong> 3 &#8211; 5 grams for a profound and intense journey.<\/li>\n<\/ul>\n<h3><strong>Vorteile der amazonischen Zauberpilze<\/strong><\/h3>\n<p>\u00dcber den Freizeitgebrauch hinaus wurden die Amazonas-Zauberpilze auf ihren potenziellen therapeutischen Nutzen hin untersucht. Die Forschung deutet darauf hin, dass Psilocybin, der Wirkstoff in diesen Pilzen, bei der Behandlung von Krankheiten wie Depressionen, Angstzust\u00e4nden, PTBS und Suchtkrankheiten helfen kann. Viele Konsumenten finden, dass diese Pilze ein Gef\u00fchl der Klarheit und emotionalen Befreiung vermitteln und so zu pers\u00f6nlichem Wachstum und Heilung beitragen.<\/p>\n<h4><strong>Therapeutischer Nutzen:<\/strong><\/h4>\n<ul>\n<li><strong>Psychische Gesundheit:<\/strong> M\u00f6gliche Behandlung von Depressionen, Angstzust\u00e4nden und PTSD.<\/li>\n<li><strong>Sucht:<\/strong> Hilft bei der Bew\u00e4ltigung und \u00dcberwindung von Abh\u00e4ngigkeiten, insbesondere von Alkohol und Nikotin.<\/li>\n<li><strong>Emotionale Befreiung:<\/strong> Erleichtert emotionale Durchbr\u00fcche und pers\u00f6nliches Wachstum.<\/li>\n<\/ul>\n<h3><strong>Wie man amazonische Magic Mushrooms online kauft<\/strong><\/h3>\n<p>Amazonas kaufen <a href=\"https:\/\/shroomschocolatebars.com\/de\/produkt-kategorie\/zauberpilz\/\">Magic Mushrooms<\/a> online war noch nie so einfach. Achten Sie darauf, dass Sie einen seri\u00f6sen Anbieter w\u00e4hlen, der hochwertige, laborgepr\u00fcfte Produkte anbietet. Achten Sie auf eine diskrete Verpackung und einen zuverl\u00e4ssigen Versand, um Ihre Privatsph\u00e4re zu wahren und einen reibungslosen Einkauf zu gew\u00e4hrleisten.<\/p>\n<h4><strong>Worauf Sie bei einem Anbieter achten sollten:<\/strong><\/h4>\n<ul>\n<li><strong>Qualit\u00e4tssicherung:<\/strong> Laborgepr\u00fcfte Pilze, um Sicherheit und Potenz zu gew\u00e4hrleisten.<\/li>\n<li><strong>Diskrete Verpackung:<\/strong> Sichere, unmarkierte Verpackung zur Wahrung der Privatsph\u00e4re.<\/li>\n<li><strong>Zuverl\u00e4ssiger Versand:<\/strong> Schnelle und zuverl\u00e4ssige Versandoptionen mit Sendungsverfolgung.<\/li>\n<li><strong>Kundenbetreuung:<\/strong> Kompetente Mitarbeiter, die bei allen Fragen und Anliegen helfen.<\/li>\n<\/ul>\n<h3><strong>H\u00e4ufig gestellte Fragen<\/strong><\/h3>\n<p><strong>F: Wie konsumiere ich Amazonian Magic Mushrooms?<\/strong> A: Es gibt verschiedene M\u00f6glichkeiten, Magic Mushrooms zu konsumieren, z.B. sie direkt zu kauen, sie zu einem Tee aufzubr\u00fchen oder sie ins Essen zu mischen. Beim Kauen setzt die Wirkung am schnellsten ein, w\u00e4hrend Tee den Magen weniger belastet.<\/p>\n<p><strong>F: Sind amazonische Zauberpilze legal?<\/strong> A: Die Legalit\u00e4t von Magic Mushrooms ist je nach Land und Region unterschiedlich. Pr\u00fcfen Sie immer die \u00f6rtlichen Gesetze, bevor Sie diese Pilze kaufen oder konsumieren.<\/p>\n<p><strong>F: Was sollte ich tun, wenn ich eine schlechte Reise habe?<\/strong> A: Wenn Sie einen schlechten Trip erleben, versuchen Sie, ruhig zu bleiben und sich daran zu erinnern, dass die Auswirkungen nur vor\u00fcbergehend sind. Die Anwesenheit eines vertrauensw\u00fcrdigen Freundes kann Ihnen Trost spenden und Sie beruhigen. Tiefes Atmen und ein Wechsel der Umgebung k\u00f6nnen ebenfalls helfen, die Angst zu lindern.<\/p>\n<p><strong>F: Kann ich mit Amazonian Magic Mushrooms eine Mikrodosis einnehmen?<\/strong> A: Ja, bei der Mikrodosierung werden sehr kleine Mengen von Pilzen eingenommen, um subtile Vorteile ohne die volle psychedelische Wirkung zu erfahren. Dies kann die Kreativit\u00e4t, die Konzentration und das allgemeine Wohlbefinden verbessern.<\/p>\n<h3><strong>Schlussfolgerung<\/strong><\/h3>\n<p>Amazonian Magic Mushrooms offer a powerful and transformative psychedelic experience. Whether you&#8217;re seeking spiritual enlightenment, therapeutic benefits, or a recreational journey, these mushrooms provide an unparalleled adventure into the mind&#8217;s depths. Always prioritize safety, start with a low dose, and choose a reputable vendor to ensure a positive and enlightening experience.<\/p>\n<p>F\u00fcr weitere Informationen \u00fcber den Kauf und die Verwendung von Amazonian Magic Mushrooms, besuchen Sie unsere <a href=\"https:\/\/shroomschocolatebars.com\/de\/shop\/\">Shop<\/a><\/p>","protected":false},"excerpt":{"rendered":"<p><strong>Kaufen Sie die besten amazonischen Zauberpilze<\/strong><\/p>\n<p><strong><u>Mehr kaufen, mehr sparen:<\/u><\/strong><\/p>\n<ul>\n<li>28 Gramm = $170<\/li>\n<\/ul>\n<p><strong>Details zum Versand<\/strong>:<\/p>\n<ul>\n<li>Kostenloser Eilversand<\/li>\n<li>Wir versenden weltweit mit einer Tracking-Nummer zur Verf\u00fcgung gestellt<\/li>\n<li>Diskrete und vakuumversiegelte Verpackung f\u00fcr Ihre Privatsph\u00e4re<\/li>\n<\/ul>","protected":false},"featured_media":1145,"comment_status":"open","ping_status":"closed","template":"","meta":[],"product_brand":[],"product_cat":[45],"product_tag":[],"class_list":{"0":"post-470","1":"product","2":"type-product","3":"status-publish","4":"has-post-thumbnail","6":"product_cat-magic-mushroom","8":"first","9":"instock","10":"shipping-taxable","11":"purchasable","12":"product-type-simple"},"jetpack_sharing_enabled":true,"_links":{"self":[{"href":"https:\/\/shroomschocolatebars.com\/de\/wp-json\/wp\/v2\/product\/470","targetHints":{"allow":["GET"]}}],"collection":[{"href":"https:\/\/shroomschocolatebars.com\/de\/wp-json\/wp\/v2\/product"}],"about":[{"href":"https:\/\/shroomschocolatebars.com\/de\/wp-json\/wp\/v2\/types\/product"}],"replies":[{"embeddable":true,"href":"https:\/\/shroomschocolatebars.com\/de\/wp-json\/wp\/v2\/comments?post=470"}],"wp:featuredmedia":[{"embeddable":true,"href":"https:\/\/shroomschocolatebars.com\/de\/wp-json\/wp\/v2\/media\/1145"}],"wp:attachment":[{"href":"https:\/\/shroomschocolatebars.com\/de\/wp-json\/wp\/v2\/media?parent=470"}],"wp:term":[{"taxonomy":"product_brand","embeddable":true,"href":"https:\/\/shroomschocolatebars.com\/de\/wp-json\/wp\/v2\/product_brand?post=470"},{"taxonomy":"product_cat","embeddable":true,"href":"https:\/\/shroomschocolatebars.com\/de\/wp-json\/wp\/v2\/product_cat?post=470"},{"taxonomy":"product_tag","embeddable":true,"href":"https:\/\/shroomschocolatebars.com\/de\/wp-json\/wp\/v2\/product_tag?post=470"}],"curies":[{"name":"wp","href":"https:\/\/api.w.org\/{rel}","templated":true}]}}