{"id":440,"date":"2022-03-20T03:36:06","date_gmt":"2022-03-20T03:36:06","guid":{"rendered":"https:\/\/shroomschocolatebars.com\/?post_type=product&#038;p=440"},"modified":"2024-09-01T01:05:31","modified_gmt":"2024-09-01T01:05:31","slug":"psilocybin-sporen","status":"publish","type":"product","link":"https:\/\/shroomschocolatebars.com\/de\/product\/bayou-magic-mushrooms\/","title":{"rendered":"Bayou Magic Mushrooms"},"content":{"rendered":"<h2><strong>Bayou Magic Mushrooms kaufen<\/strong><\/h2>\n<p>Bayou Magic Mushrooms, wissenschaftlich bekannt als Psilocybe Cubensis Bayou, sind eine bemerkenswerte Sorte, die aus den feuchten, sumpfigen Regionen der Golfstaaten und des S\u00fcdens der Vereinigten Staaten stammt. Diese Pilze sind f\u00fcr ihre ausgepr\u00e4gte Potenz und tiefgreifende psychedelische Wirkung bekannt und haben eine lange Geschichte, die sowohl in alten Kulturen als auch bei modernen Enthusiasten verwurzelt ist.<\/p>\n<h3><strong>Merkmale und Erscheinungsbild<\/strong><\/h3>\n<p>Bayou Magic Mushrooms are characterized by their dark to light brown hues, medium-sized caps, and slender stems. The caps often open wide, revealing gills with dark spores. Despite their simple appearance, these mushrooms pack a powerful punch, boasting a higher potency than many other Psilocybe Cubensis strains\u200b<\/p>\n<h3><strong>Kultivierung und Qualit\u00e4t<\/strong><\/h3>\n<p>Cultivated with meticulous care to ensure consistency and quality, Bayou Magic Mushrooms offer an unparalleled psychedelic experience. Each mushroom is dried and prepared to maintain its integrity and potency, making it easy to dose accurately and consume\u200b \u200b.<\/p>\n<h3><strong>Auswirkungen und Erfahrungen<\/strong><\/h3>\n<p>Consuming Bayou Magic Mushrooms typically results in a gradual onset of effects within 10-30 minutes. Users often report a wave of euphoria and mental clarity, followed by vivid visual enhancements, profound emotional and philosophical insights, and an overwhelming sense of tranquility. The experience can last several hours, gradually easing back to a state of normalcy, leaving a lingering feeling of peace and enlightenment\u200b \u200b.<\/p>\n<h3><strong>Dosierungsanleitung<\/strong><\/h3>\n<p>Proper dosage is crucial to achieving the desired experience with Bayou Magic Mushrooms. Here\u2019s a general guide to help you navigate your journey:<\/p>\n<ul>\n<li><strong>Milde Erfahrung<\/strong>: 0.75\u20131.25 grams<\/li>\n<li><strong>Mittlere Erfahrung<\/strong>: 1.75\u20132.5 grams<\/li>\n<li><strong>Vollst\u00e4ndige Erfahrung<\/strong>: 3\u20135 grams<\/li>\n<\/ul>\n<p>For beginners, starting with a lower dose is recommended to gauge the effects and adjust accordingly\u200b.<\/p>\n<h3><strong>Warum uns w\u00e4hlen?<\/strong><\/h3>\n<p>Bei shroomschocolatebars sind wir stolz darauf, nur die besten Penis Envy Magic Mushrooms anzubieten. Unser Engagement f\u00fcr Qualit\u00e4t und Kundenzufriedenheit zeichnet uns aus. Wir bieten:<\/p>\n<ul>\n<li><strong>Transparenz:<\/strong>\u00a0Full details about our cultivation process and third-party testing results ensure you know exactly what you\u2019re getting.<\/li>\n<li><strong><a href=\"https:\/\/shroomschocolatebars.com\/de\/schifffahrtspolitik\/\">Diskreter Versand<\/a>:<\/strong>\u00a0Mit diskreter Verpackung und sicheren Versandmethoden legen wir Wert auf Ihre Privatsph\u00e4re.<\/li>\n<li><strong><a href=\"https:\/\/shroomschocolatebars.com\/de\/kontaktieren-sie-uns\/\">Kundenbetreuung<\/a>:<\/strong>\u00a0Unser sachkundiges und freundliches Kundenbetreuungsteam steht Ihnen bei allen Fragen und Anliegen zur Seite.<\/li>\n<\/ul>\n<p>&nbsp;<\/p>\n<p>Weitere Optionen finden Sie in unseren verwandten Produkten:<\/p>\n<ul>\n<li><a href=\"https:\/\/shroomschocolatebars.com\/de\/produkt\/albino-penis-neid\/\" target=\"_new\" rel=\"noreferrer noopener\">Albino Penis Neid<\/a><\/li>\n<li><a href=\"https:\/\/shroomschocolatebars.com\/de\/produkt\/amazonische-zauberpilze\/\" target=\"_new\" rel=\"noreferrer noopener\">Amazonische Zauberpilze<\/a><\/li>\n<li><a href=\"https:\/\/shroomschocolatebars.com\/de\/produkt\/magische-pilze-texas\/\" target=\"_new\" rel=\"noreferrer noopener\">Arenal Vulkan Magic Mushrooms<\/a><\/li>\n<\/ul>\n<p>Diese Links bieten zus\u00e4tzliche Angebote, die Ihren Bed\u00fcrfnissen entsprechen und weitere bereichernde Erfahrungen bieten k\u00f6nnen.<\/p>\n<div class=\"css-a5m6co-text css-p8ym46-fontFamily css-11397xj-fontSize css-15qzf5r-display css-7bji7i-wordBreak\" style=\"text-align: center;\">\n<div class=\"css-a5m6co-text css-p8ym46-fontFamily css-11397xj-fontSize css-15qzf5r-display css-7bji7i-wordBreak\" style=\"text-align: center;\">\n<div class=\"css-a5m6co-text css-p8ym46-fontFamily css-11397xj-fontSize css-15qzf5r-display css-7bji7i-wordBreak\" style=\"text-align: center;\"><\/div>\n<\/div>\n<\/div>","protected":false},"excerpt":{"rendered":"<p><strong>Kaufen Sie die besten Bayou Magic Mushrooms<\/strong><\/p>\n<p><strong><u>Mehr kaufen, mehr sparen:<\/u><\/strong><\/p>\n<ul>\n<li>28 Gramm = $170<\/li>\n<\/ul>\n<p><strong>Details zum Versand<\/strong>:<\/p>\n<ul>\n<li>Kostenloser Eilversand<\/li>\n<li>Wir versenden weltweit mit einer Tracking-Nummer zur Verf\u00fcgung gestellt<\/li>\n<li>Diskrete und vakuumversiegelte Verpackung f\u00fcr Ihre Privatsph\u00e4re<\/li>\n<\/ul>","protected":false},"featured_media":1144,"comment_status":"open","ping_status":"closed","template":"","meta":[],"product_brand":[],"product_cat":[45],"product_tag":[],"class_list":{"0":"post-440","1":"product","2":"type-product","3":"status-publish","4":"has-post-thumbnail","6":"product_cat-magic-mushroom","8":"first","9":"instock","10":"shipping-taxable","11":"purchasable","12":"product-type-simple"},"jetpack_sharing_enabled":true,"_links":{"self":[{"href":"https:\/\/shroomschocolatebars.com\/de\/wp-json\/wp\/v2\/product\/440","targetHints":{"allow":["GET"]}}],"collection":[{"href":"https:\/\/shroomschocolatebars.com\/de\/wp-json\/wp\/v2\/product"}],"about":[{"href":"https:\/\/shroomschocolatebars.com\/de\/wp-json\/wp\/v2\/types\/product"}],"replies":[{"embeddable":true,"href":"https:\/\/shroomschocolatebars.com\/de\/wp-json\/wp\/v2\/comments?post=440"}],"wp:featuredmedia":[{"embeddable":true,"href":"https:\/\/shroomschocolatebars.com\/de\/wp-json\/wp\/v2\/media\/1144"}],"wp:attachment":[{"href":"https:\/\/shroomschocolatebars.com\/de\/wp-json\/wp\/v2\/media?parent=440"}],"wp:term":[{"taxonomy":"product_brand","embeddable":true,"href":"https:\/\/shroomschocolatebars.com\/de\/wp-json\/wp\/v2\/product_brand?post=440"},{"taxonomy":"product_cat","embeddable":true,"href":"https:\/\/shroomschocolatebars.com\/de\/wp-json\/wp\/v2\/product_cat?post=440"},{"taxonomy":"product_tag","embeddable":true,"href":"https:\/\/shroomschocolatebars.com\/de\/wp-json\/wp\/v2\/product_tag?post=440"}],"curies":[{"name":"wp","href":"https:\/\/api.w.org\/{rel}","templated":true}]}}