{"id":386,"date":"2022-03-19T08:11:19","date_gmt":"2022-03-19T08:11:19","guid":{"rendered":"https:\/\/shroomschocolatebars.com\/?post_type=product&#038;p=386"},"modified":"2024-09-01T01:08:30","modified_gmt":"2024-09-01T01:08:30","slug":"schokoladen-pilze","status":"publish","type":"product","link":"https:\/\/shroomschocolatebars.com\/de\/product\/oneup-strawberries-and-cream-mushroom-bars\/","title":{"rendered":"Oneup Erdbeer-Sahne-Pilz-Riegel"},"content":{"rendered":"<h2><strong>Oneup Erdbeer-Sahne-Pilz-Riegel kaufen<\/strong><\/h2>\n<p>Diese Premium-Riegel werden sorgf\u00e4ltig hergestellt, um eine au\u00dfergew\u00f6hnliche Mischung aus Geschmack und psychedelischer Wirkung zu bieten, was sie zur ersten Wahl sowohl f\u00fcr Anf\u00e4nger als auch f\u00fcr erfahrene Psychonauten macht. Unsere Oneup Strawberries and Cream Mushroom Bars wurden entwickelt, um eine einzigartige, geschmackvolle und potente Reise zu bieten, die auf dem Markt herausragt.<\/p>\n<h2><strong>Produktmerkmale:<\/strong><\/h2>\n<p><strong>Hochwertige Inhaltsstoffe:<\/strong> Jeder Oneup Strawberries and Cream Mushroom Bar wird aus den besten Zutaten hergestellt, um eine sichere, angenehme und effektive psychedelische Erfahrung zu gew\u00e4hrleisten. Wir legen bei jedem Riegel gr\u00f6\u00dften Wert auf Qualit\u00e4t und Konsistenz und bieten ein zuverl\u00e4ssiges Produkt, dem Du vertrauen kannst.<\/p>\n<p><strong>Leckerer Geschmack:<\/strong> Genie\u00dfen Sie den s\u00fc\u00dfen und cremigen Geschmack von Erdbeeren und Sahne mit jedem Bissen. Unsere Oneup Mushroom Bars vereinen die starke Wirkung von Magic Mushrooms mit einem k\u00f6stlichen Geschmack und machen den Verzehr zu einem Vergn\u00fcgen.<\/p>\n<p><strong>Bequem und diskret:<\/strong> Oneup Strawberries and Cream Mushroom Bars sind in einer kompakten und diskreten Form verpackt und eignen sich perfekt f\u00fcr den Konsum unterwegs. Genie\u00dfen Sie Ihre psychedelische Erfahrung \u00fcberall und jederzeit, mit Leichtigkeit und Bequemlichkeit.<\/p>\n<p><strong>Ideal f\u00fcr Mikrodosierung:<\/strong> Whether you\u2019re new to psychedelics or an experienced user, our Oneup Strawberries and Cream Mushroom Bars are perfect for microdosing. The precise dosage allows for controlled and consistent effects, ideal for both beginners and experienced users.<\/p>\n<p><strong>Schnell wirkend und lang anhaltend:<\/strong> Experience the effects quickly and enjoy a prolonged journey. Our bars are designed to provide a fast onset of effects, ensuring you don\u2019t have to wait long to start your psychedelic adventure.<\/p>\n<p><strong>Sicherheit und Pr\u00fcfung:<\/strong> Ihre Sicherheit hat f\u00fcr uns h\u00f6chste Priorit\u00e4t. Unsere Oneup Strawberries and Cream Mushroom Bars werden strengen Tests unterzogen, um sicherzustellen, dass sie den h\u00f6chsten Sicherheitsstandards entsprechen. Wir verwenden nur die besten Zutaten und Herstellungsverfahren, um ein sicheres und zuverl\u00e4ssiges Produkt zu gew\u00e4hrleisten.<\/p>\n<h3><strong>Gebrauchsanweisung:<\/strong><\/h3>\n<ol>\n<li><strong>Dosierung:<\/strong> F\u00fcr ein mildes Erlebnis beginnen Sie mit einem kleinen St\u00fcck des Riegels (etwa 1-2 Quadrate). F\u00fcr eine st\u00e4rkere Wirkung k\u00f6nnen Sie die Dosis schrittweise erh\u00f6hen. Beginne immer mit einer niedrigeren Dosis, um deine Toleranz zu testen.<\/li>\n<li><strong>Der Verbrauch:<\/strong> Nehmen Sie die gew\u00fcnschte Menge zu sich und warten Sie etwa 30-45 Minuten, bis die Wirkung einsetzt. Nehmen Sie nicht mehr zu sich, bis Sie die erste Wirkung sp\u00fcren.<\/li>\n<li><strong>Lagerung:<\/strong> Bewahren Sie Ihre Oneup Erdbeer-Sahne-Pilz-Riegel an einem k\u00fchlen, trockenen Ort und vor direkter Sonneneinstrahlung gesch\u00fctzt auf. Bewahren Sie sie au\u00dferhalb der Reichweite von Kindern und Haustieren auf.<\/li>\n<li><strong>Vorsichtsma\u00dfnahmen:<\/strong> Nicht mit Alkohol oder anderen Substanzen mischen. Vermeiden Sie es, unter Alkoholeinfluss Auto zu fahren oder schwere Maschinen zu bedienen. Konsultieren Sie einen Arzt, wenn Sie irgendwelche medizinischen Bedingungen haben oder irgendwelche Medikamente einnehmen.<\/li>\n<\/ol>\n<h3><strong>Warum sollten Sie sich f\u00fcr Oneup Erdbeer-Sahne-Pilz-Riegel entscheiden?<\/strong><\/h3>\n<p><strong>Au\u00dfergew\u00f6hnliche Qualit\u00e4t:<\/strong> Unser Engagement f\u00fcr Qualit\u00e4t gew\u00e4hrleistet, dass Sie ein Produkt erhalten, das sicher, wirksam und angenehm ist.<\/p>\n<p><strong>Unwiderstehlicher Geschmack:<\/strong> Der Erdbeer-Sahne-Geschmack macht den Verzehr im Gegensatz zu anderen Produkten auf dem Markt zu einem angenehmen Erlebnis.<\/p>\n<p><strong>Konsistente Potenz:<\/strong> Jeder Riegel bietet ein konsistentes und zuverl\u00e4ssiges psychedelisches Erlebnis, so dass du jedes Mal genau wei\u00dft, was dich erwartet.<\/p>\n<p><strong>Bequemlichkeit:<\/strong> Dank der kleinen, diskreten Verpackung k\u00f6nnen Sie Ihren Oneup Mushroom Bar \u00fcberallhin mitnehmen und so Ihre psychedelische Reise genie\u00dfen, wann und wo immer Sie wollen.<\/p>\n<p><strong>Kundenzufriedenheit:<\/strong> Unsere Kunden schw\u00e4rmen von der Wirksamkeit und dem Geschmack unserer Oneup Strawberries and Cream Mushroom Bars. Schlie\u00dfe Dich den vielen zufriedenen Nutzern an, die Oneup Mushroom Bars zu ihrer ersten Wahl f\u00fcr Psychedelika gemacht haben.<\/p>\n<p>Entdecken Sie unser gesamtes Angebot an <a href=\"https:\/\/shroomschocolatebars.com\/de\/produkt-kategorie\/one-up-mushroom-bars\/\" target=\"_new\" rel=\"noreferrer noopener\">Oneup-Pilz-Riegel<\/a> und entdecken Sie die perfekte Erg\u00e4nzung zu Ihrer psychedelischen Erfahrung. Lass Dich auf die Reise ein und erhebe Deinen Geist mit Oneup Strawberries and Cream Mushroom Bars, der ersten Wahl f\u00fcr Psychedelika. Bestellen Sie jetzt und erleben Sie den Unterschied!<\/p>","protected":false},"excerpt":{"rendered":"<p><strong>Hochwertige Inhaltsstoffe:<\/strong> Jeder Oneup Strawberries and Cream Mushroom Bar wird aus den besten Zutaten hergestellt, um eine sichere, angenehme und effektive psychedelische Erfahrung zu gew\u00e4hrleisten. Wir legen bei jedem Riegel gr\u00f6\u00dften Wert auf Qualit\u00e4t und Konsistenz und bieten ein zuverl\u00e4ssiges Produkt, dem Du vertrauen kannst.<\/p>","protected":false},"featured_media":1161,"comment_status":"open","ping_status":"closed","template":"","meta":[],"product_brand":[],"product_cat":[60],"product_tag":[],"class_list":{"0":"post-386","1":"product","2":"type-product","3":"status-publish","4":"has-post-thumbnail","6":"product_cat-one-up-mushroom-bars-2","8":"first","9":"instock","10":"shipping-taxable","11":"purchasable","12":"product-type-simple"},"jetpack_sharing_enabled":true,"_links":{"self":[{"href":"https:\/\/shroomschocolatebars.com\/de\/wp-json\/wp\/v2\/product\/386","targetHints":{"allow":["GET"]}}],"collection":[{"href":"https:\/\/shroomschocolatebars.com\/de\/wp-json\/wp\/v2\/product"}],"about":[{"href":"https:\/\/shroomschocolatebars.com\/de\/wp-json\/wp\/v2\/types\/product"}],"replies":[{"embeddable":true,"href":"https:\/\/shroomschocolatebars.com\/de\/wp-json\/wp\/v2\/comments?post=386"}],"wp:featuredmedia":[{"embeddable":true,"href":"https:\/\/shroomschocolatebars.com\/de\/wp-json\/wp\/v2\/media\/1161"}],"wp:attachment":[{"href":"https:\/\/shroomschocolatebars.com\/de\/wp-json\/wp\/v2\/media?parent=386"}],"wp:term":[{"taxonomy":"product_brand","embeddable":true,"href":"https:\/\/shroomschocolatebars.com\/de\/wp-json\/wp\/v2\/product_brand?post=386"},{"taxonomy":"product_cat","embeddable":true,"href":"https:\/\/shroomschocolatebars.com\/de\/wp-json\/wp\/v2\/product_cat?post=386"},{"taxonomy":"product_tag","embeddable":true,"href":"https:\/\/shroomschocolatebars.com\/de\/wp-json\/wp\/v2\/product_tag?post=386"}],"curies":[{"name":"wp","href":"https:\/\/api.w.org\/{rel}","templated":true}]}}