{"id":1506,"date":"2024-07-29T09:06:17","date_gmt":"2024-07-29T09:06:17","guid":{"rendered":"https:\/\/shroomschocolatebars.com\/?post_type=product&#038;p=1506"},"modified":"2024-09-01T00:58:54","modified_gmt":"2024-09-01T00:58:54","slug":"polkadot-cookies-kakao-schokoladenriegel-2","status":"publish","type":"product","link":"https:\/\/shroomschocolatebars.com\/de\/product\/polkadot-cookies-cacao-chocolate-bar-2\/","title":{"rendered":"Polkadot Cookies &#038; Cacao Chocolate Bar"},"content":{"rendered":"<h3><strong>Polkadot Cookies &amp; Cacao Schokoladentafel kaufen<\/strong><\/h3>\n<p>Genie\u00dfen Sie den exquisiten Geschmack der Polkadot Cookies &amp; Cacao Chocolate Bar, eine k\u00f6stliche Mischung aus hochwertiger belgischer Schokolade, knusprigen Keksst\u00fccken und den reichen, erdigen Noten von Kakao. Dieser Schokoladenriegel bietet ein einzigartiges sensorisches Erlebnis, indem er die Zartheit feiner Schokolade mit dem befriedigenden Knacken von Keksen und dem nuancierten Geschmack von Kakao kombiniert.<\/p>\n<h4><strong>Die perfekte Balance von Geschmack und Textur<\/strong><\/h4>\n<p>Die aus den besten Zutaten hergestellte Polkadot Cookies &amp; Cacao Chocolate Bar bietet das perfekte Gleichgewicht zwischen S\u00fc\u00dfe und Bitterkeit und ist damit die ideale Wahl f\u00fcr Schokoladenliebhaber. Die hochwertige belgische Schokolade sorgt f\u00fcr eine cremige Basis, w\u00e4hrend die Keksst\u00fcckchen f\u00fcr ein angenehmes Knacken sorgen und der Kakao die gesamte Geschmackstiefe verst\u00e4rkt.<\/p>\n<h4><strong>Gesundheitliche Vorteile von Kakao<\/strong><\/h4>\n<p>Kakao ist nicht nur k\u00f6stlich, sondern auch voller gesundheitlicher Vorteile. Er ist reich an Antioxidantien, Flavonoiden und anderen wichtigen N\u00e4hrstoffen, die helfen k\u00f6nnen, Entz\u00fcndungen zu reduzieren, den Blutdruck zu senken und die Herzgesundheit zu verbessern. Die Aufnahme von Kakao in die Ern\u00e4hrung kann auch die kognitiven Funktionen f\u00f6rdern und die Stimmung verbessern, was diesen Schokoriegel zu einem schuldfreien Genuss macht.<\/p>\n<h4><strong>Verantwortungsvoll genie\u00dfen: Leitfaden f\u00fcr die Dosierung<\/strong><\/h4>\n<p>Jede Polkadot Cookies &amp; Cacao Chocolate Bar ist mit sorgf\u00e4ltig ausgew\u00e4hlten Zutaten versetzt, um ein ausgewogenes und angenehmes Erlebnis zu gew\u00e4hrleisten. F\u00fcr diejenigen, f\u00fcr die der Verzehr von mit Pilzen versetzter Schokolade neu ist, wird empfohlen, mit einer kleinen Portion zu beginnen, z. B. einem Quadrat der Tafel, und mindestens eine Stunde zu warten, um die Wirkung abzusch\u00e4tzen, bevor man mehr konsumiert. Diese vorsichtige Herangehensweise hilft Ihnen, Ihre Toleranz zu verstehen und die Erfahrung sicher zu genie\u00dfen.<\/p>\n<h4><strong>Richtige Lagerung<\/strong><\/h4>\n<p>Um die Qualit\u00e4t und Frische Ihrer Polkadot Cookies &amp; Cacao Chocolate Bar zu erhalten, bewahren Sie sie an einem k\u00fchlen, trockenen Ort auf. Bei richtiger Lagerung beh\u00e4lt die Schokolade bis zu sechs Monate lang ihren vollen Geschmack und ihre Konsistenz. Angesichts ihres k\u00f6stlichen Geschmacks h\u00e4lt sie sich aber vielleicht nicht so lange!<\/p>\n<h4><strong>Verwandte Produkte und interne Links<\/strong><\/h4>\n<p>Entdecken Sie weitere k\u00f6stliche Optionen aus dem Polkadot-Sortiment:<\/p>\n<ul>\n<li><a href=\"https:\/\/shroomschocolatebars.com\/de\/produkt\/polkadot-karamell-macchiato-schokoladenriegel\/\" target=\"_new\" rel=\"noreferrer noopener\">Polkadot Karamell-Macchiato-Schokoladentafel<\/a><\/li>\n<li><a href=\"https:\/\/shroomschocolatebars.com\/de\/produkt\/polkadot-classic-belgian-milk-chocolate-bar\/\" target=\"_new\" rel=\"noreferrer noopener\">Polkadot Classic Belgische Vollmilchschokolade Tafel<\/a><\/li>\n<li><a href=\"https:\/\/shroomschocolatebars.com\/de\/produkt\/polkadot-butterfinger-schokoriegel\/\" target=\"_new\" rel=\"noreferrer noopener\">Butterfinger-Schokoriegel mit Polkadot<\/a><\/li>\n<li><a href=\"https:\/\/shroomschocolatebars.com\/de\/produkt\/polkadot-zimt-toast-knusper-schokoriegel\/\" target=\"_new\" rel=\"noreferrer noopener\">Polkadot Cinnamon Toast Crunch Schokoladenriegel<\/a><\/li>\n<\/ul>\n<p>Diese Tafeln bieten einzigartige Geschmackskombinationen, so dass f\u00fcr jeden Schokoladenliebhaber etwas dabei ist.<\/p>\n<h4><strong>Kundenrezensionen<\/strong><\/h4>\n<p>Die Kunden schw\u00e4rmen vom Polkadot Cookies &amp; Cacao Chocolate Bar und heben die perfekte Mischung von Aromen und die befriedigende Textur hervor. Viele haben die belebende Wirkung und die Qualit\u00e4t der Zutaten hervorgehoben, was ihn zu einer beliebten Wahl sowohl f\u00fcr neue als auch f\u00fcr wiederkehrende Kunden macht.<\/p>\n<h4><strong>Warum Polkadot w\u00e4hlen?<\/strong><\/h4>\n<p>Polkadot hat sich der Herstellung hochwertiger, k\u00f6stlicher und innovativer Schokoladenprodukte verschrieben. Unser Engagement f\u00fcr die Verwendung erstklassiger Zutaten und unsere Leidenschaft f\u00fcr die Schaffung k\u00f6stlicher Geschmackserlebnisse zeichnen uns aus. Jede Tafel ist ein Beweis f\u00fcr unser Engagement f\u00fcr Exzellenz und stellt sicher, dass Sie ein Produkt erhalten, das nicht nur gut schmeckt, sondern auch potenzielle gesundheitliche Vorteile bietet.<\/p>\n<p>Entdecken Sie die bezaubernde Welt der Polkadot-Schokoladentafeln und steigern Sie Ihr Schokoladenerlebnis noch heute!<\/p>","protected":false},"excerpt":{"rendered":"<p>Buy Polkadot Cookies &amp; Cacao Chocolate Bar Indulge in the exquisite taste of the Polkadot Cookies &amp; Cacao Chocolate Bar, a delightful fusion of premium Belgian chocolate, crunchy cookie pieces, and the rich, earthy notes of cacao. This chocolate bar offers a unique sensory experience, combining the smoothness of fine chocolate with the satisfying crunch [&#8230;]\n","protected":false},"featured_media":1509,"comment_status":"open","ping_status":"closed","template":"","meta":[],"product_brand":[],"product_cat":[331],"product_tag":[],"class_list":{"0":"post-1506","1":"product","2":"type-product","3":"status-publish","4":"has-post-thumbnail","6":"product_cat-polkadot-chocolate-bars","8":"first","9":"instock","10":"shipping-taxable","11":"purchasable","12":"product-type-simple"},"jetpack_sharing_enabled":true,"_links":{"self":[{"href":"https:\/\/shroomschocolatebars.com\/de\/wp-json\/wp\/v2\/product\/1506","targetHints":{"allow":["GET"]}}],"collection":[{"href":"https:\/\/shroomschocolatebars.com\/de\/wp-json\/wp\/v2\/product"}],"about":[{"href":"https:\/\/shroomschocolatebars.com\/de\/wp-json\/wp\/v2\/types\/product"}],"replies":[{"embeddable":true,"href":"https:\/\/shroomschocolatebars.com\/de\/wp-json\/wp\/v2\/comments?post=1506"}],"wp:featuredmedia":[{"embeddable":true,"href":"https:\/\/shroomschocolatebars.com\/de\/wp-json\/wp\/v2\/media\/1509"}],"wp:attachment":[{"href":"https:\/\/shroomschocolatebars.com\/de\/wp-json\/wp\/v2\/media?parent=1506"}],"wp:term":[{"taxonomy":"product_brand","embeddable":true,"href":"https:\/\/shroomschocolatebars.com\/de\/wp-json\/wp\/v2\/product_brand?post=1506"},{"taxonomy":"product_cat","embeddable":true,"href":"https:\/\/shroomschocolatebars.com\/de\/wp-json\/wp\/v2\/product_cat?post=1506"},{"taxonomy":"product_tag","embeddable":true,"href":"https:\/\/shroomschocolatebars.com\/de\/wp-json\/wp\/v2\/product_tag?post=1506"}],"curies":[{"name":"wp","href":"https:\/\/api.w.org\/{rel}","templated":true}]}}