{"id":1498,"date":"2024-07-29T08:41:54","date_gmt":"2024-07-29T08:41:54","guid":{"rendered":"https:\/\/shroomschocolatebars.com\/?post_type=product&#038;p=1498"},"modified":"2024-09-01T00:59:06","modified_gmt":"2024-09-01T00:59:06","slug":"polkadot-karamell-macchiato-schokoladenriegel","status":"publish","type":"product","link":"https:\/\/shroomschocolatebars.com\/de\/product\/polkadot-caramel-macchiato-chocolate-bar\/","title":{"rendered":"Polkadot Karamell-Macchiato-Schokoladentafel"},"content":{"rendered":"<h3><strong>Polkadot Karamell-Macchiato-Schokoladentafel kaufen<\/strong><\/h3>\n<p>Willkommen in der k\u00f6stlichen Welt der Polkadot Caramel Macchiato Chocolate Bars, wo Premiumqualit\u00e4t auf au\u00dfergew\u00f6hnlichen Geschmack trifft. Diese k\u00f6stliche Leckerei wurde f\u00fcr all diejenigen entwickelt, die sich nach einem einzigartigen und luxuri\u00f6sen Schokoladenerlebnis sehnen. Sie verbindet nahtlos den reichen Geschmack von Karamell-Macchiato mit feinster belgischer Schokolade. Unser Polkadot Caramel Macchiato Schokoriegel ist nicht nur ein Genuss f\u00fcr Ihre Geschmacksknospen, sondern auch eine Reise in das Reich der magischen Pilz-Esswaren, die sowohl eine angenehme als auch therapeutische Erfahrung bieten.<\/p>\n<h4><strong>Exquisites Geschmacksprofil<\/strong><\/h4>\n<p>Genie\u00dfen Sie die weiche und samtige Textur hochwertiger belgischer Schokolade, verfeinert mit dem unverwechselbaren und k\u00f6stlichen Geschmack von Caramel Macchiato. Jeder Bissen bietet eine harmonische Mischung aus reichhaltiger, cremiger Schokolade und dem s\u00fc\u00dfen, buttrigen Geschmack von Karamell, abgerundet mit einem subtilen Hauch von Kaffee, der das gesamte sensorische Erlebnis steigert. Die enthaltenen Magic Mushrooms f\u00fcgen einen erdigen Unterton hinzu und schaffen so eine ausgewogene und unvergessliche Geschmacksreise.<\/p>\n<h4><strong>Gesundheitliche Vorteile von Magic Mushroom Chocolate<\/strong><\/h4>\n<p>Our Polkadot Caramel Macchiato Chocolate Bar isn&#8217;t just a tasty indulgence; it&#8217;s packed with the potential health benefits of psilocybin mushrooms. Psilocybin has been known to promote mental well-being by enhancing mood, increasing creativity, and improving focus. Research has shown that psilocybin can help reconnect brain networks, aiding in the treatment of conditions such as depression, anxiety, PTSD, and addiction\u200b<span class=\"\" data-state=\"closed\"><span class=\"text-token-text-secondary\"> (<\/span><a class=\"text-green-600 !no-underline\" href=\"https:\/\/shroomschocolatebars.com\/de\/\" target=\"_blank\" rel=\"noopener noreferrer\">Pilze Schokoriegel<\/a><span class=\"text-token-text-secondary\">)<\/span><\/span>\u200b\u200b<\/p>\n<h4><strong>Leitfaden zur Mikrodosierung<\/strong><\/h4>\n<p>Um Ihre Erfahrung mit Polkadot Caramel Macchiato Schokoriegeln zu optimieren, bieten wir Ihnen eine Dosierungsanleitung, die Ihnen hilft, die richtige Menge f\u00fcr Ihre Bed\u00fcrfnisse zu w\u00e4hlen:<\/p>\n<ul>\n<li><strong>Mikrodose (1-3 St\u00fcck):<\/strong> Ideal, um den Geist zu stimulieren und ein subtiles, erhebendes Erlebnis ohne nennenswerte psychoaktive Wirkungen zu vermitteln.<\/li>\n<li><strong>Therapeutische Dosis (4-9 St\u00fcck):<\/strong> Geeignet f\u00fcr einen achtsamen und erhabenen Zustand, perfekt f\u00fcr therapeutische Momente und tiefere Introspektion.<\/li>\n<li><strong>Gott-Modus (10-15 St\u00fcck):<\/strong> Empfohlen f\u00fcr ein intensives, eindringliches Erlebnis, bei dem visuelle und sensorische Verst\u00e4rkungen im Vordergrund stehen. In einer sicheren Umgebung konsumieren und den Betrieb von Fahrzeugen vermeiden.<\/li>\n<\/ul>\n<h4><strong>N\u00e4hrwertbezogene Informationen<\/strong><\/h4>\n<p>Each Polkadot Caramel Macchiato Chocolate Bar is crafted with care, ensuring you enjoy every bite. Here&#8217;s the nutritional breakdown per serving:<\/p>\n<ul>\n<li><strong>Portionsgr\u00f6\u00dfe:<\/strong> 1 Quadrat<\/li>\n<li><strong>Portionen pro Riegel:<\/strong> 20<\/li>\n<li><strong>Psilocybin-Gehalt:<\/strong> 500 mg pro St\u00fcck, 10.000 mg pro Riegel<\/li>\n<li><strong>Kalorien:<\/strong> 17<\/li>\n<li><strong>Gesamtfett:<\/strong> 1g<\/li>\n<li><strong>Ges\u00e4ttigtes Fett:<\/strong> 1g<\/li>\n<li><strong>Cholesterin:<\/strong> 1mg<\/li>\n<li><strong>Natrium:<\/strong> 1mg<\/li>\n<li><strong>Kohlenhydrate insgesamt:<\/strong> 2g<\/li>\n<li><strong>Gesamtzucker:<\/strong> 2g<\/li>\n<li><strong>Eiwei\u00df:<\/strong> 0g<\/li>\n<\/ul>\n<h4><strong>Nachhaltige und ethische Produktion<\/strong><\/h4>\n<p>Wir sind stolz darauf, dass unsere Polkadot Caramel Macchiato Schokoriegel nicht nur k\u00f6stlich schmecken, sondern auch ethisch korrekt hergestellt werden. Unsere Schokolade wird aus nachhaltig angebautem Kakao gewonnen, und wir stellen sicher, dass unsere Produktionsprozesse umweltfreundlich sind. Die Verpackung ist umweltbewusst gestaltet und macht sie in mehrfacher Hinsicht zu einem schuldfreien Genuss.<\/p>\n<h4><strong>Warum sollten Sie sich f\u00fcr Polkadot-Schokoladenriegel entscheiden?<\/strong><\/h4>\n<ul>\n<li><strong>Hochwertige Zutaten:<\/strong> Unsere Schokoladentafeln werden aus feinster belgischer Schokolade hergestellt, die eine reichhaltige und zarte Textur gew\u00e4hrleistet.<\/li>\n<li><strong>Einzigartige Geschmacksrichtungen:<\/strong> Die Kombination aus Karamell-Macchiato und Schokolade sorgt f\u00fcr einen unverwechselbaren und angenehmen Geschmack.<\/li>\n<li><strong>Gesundheitliche Vorteile:<\/strong> Unsere Riegel sind mit Magic Mushrooms angereichert und bieten potenzielle therapeutische Vorteile, die das geistige Wohlbefinden steigern.<\/li>\n<li><strong>Ethische Produktion:<\/strong> Unsere Schokoladentafeln stammen aus nachhaltiger Produktion und sind umweltfreundlich - eine verantwortungsvolle Wahl f\u00fcr verantwortungsbewusste Verbraucher.<\/li>\n<\/ul>\n<h4><strong>Kundenrezensionen<\/strong><\/h4>\n<p>Unsere Kunden lieben die Polkadot Caramel Macchiato Chocolate Bars f\u00fcr ihren exquisiten Geschmack und ihre wohltuende Wirkung:<\/p>\n<ul>\n<li><strong>Adam Peebles:<\/strong> &#8220;These are a revelation! The rich cocoa perfectly complements the earthy mushroom undertones, creating a taste experience unlike any other.&#8221;<\/li>\n<li><strong>Mark Jance:<\/strong> &#8220;As a wellness enthusiast, I&#8217;m always on the hunt for healthy alternatives. These psilocybin chocolate bars hit the mark!&#8221;<\/li>\n<li><strong>Serge Hertzog:<\/strong> &#8220;The blend of flavors is unique and exciting, and the health benefits add a guilt-free dimension to my chocolate indulgence.&#8221;<\/li>\n<\/ul>\n<h4><strong>Mehr erforschen<\/strong><\/h4>\n<p>Entdecken Sie unser komplettes Angebot an Polkadot-Schokoriegeln und anderen magischen Speisepilzen:<\/p>\n<ul>\n<li><a href=\"https:\/\/shroomschocolatebars.com\/de\/produkt-kategorie\/tafeln-mit-polkadot-schokolade\/\" target=\"_new\" rel=\"noreferrer noopener\">Polkadot-Schokoladenriegel<\/a><\/li>\n<li><a href=\"https:\/\/shroomschocolatebars.com\/de\/produkt\/polkadot-apfelbuben-schokoriegel\/\" target=\"_new\" rel=\"noreferrer noopener\">Polkadot Apple Jacks Schokoladenriegel<\/a><\/li>\n<li><a href=\"https:\/\/shroomschocolatebars.com\/de\/produkt\/polkadot-apfelkuchen-schokoladenriegel\/\" target=\"_new\" rel=\"noreferrer noopener\">Polkadot Apfelkuchen-Schokoriegel<\/a><\/li>\n<li><a href=\"https:\/\/shroomschocolatebars.com\/de\/produkt\/polkadot-butter-pekannuss-schokoriegel\/\" target=\"_new\" rel=\"noreferrer noopener\">Polkadot Butter Pecan Schokoladentafel<\/a><\/li>\n<\/ul>","protected":false},"excerpt":{"rendered":"<p>Willkommen in der k\u00f6stlichen Welt der Polkadot Caramel Macchiato Chocolate Bars, wo Premiumqualit\u00e4t auf au\u00dfergew\u00f6hnlichen Geschmack trifft. Diese k\u00f6stliche Leckerei wurde f\u00fcr all diejenigen entwickelt, die sich nach einem einzigartigen und luxuri\u00f6sen Schokoladenerlebnis sehnen. Sie verbindet nahtlos den reichen Geschmack von Karamell-Macchiato mit feinster belgischer Schokolade. Unser Polkadot Caramel Macchiato Schokoriegel ist nicht nur ein Genuss f\u00fcr Ihre Geschmacksknospen, sondern auch eine Reise in das Reich der magischen Pilz-Esswaren, die sowohl eine angenehme als auch therapeutische Erfahrung bieten.<\/p>","protected":false},"featured_media":1499,"comment_status":"open","ping_status":"closed","template":"","meta":[],"product_brand":[],"product_cat":[331],"product_tag":[],"class_list":{"0":"post-1498","1":"product","2":"type-product","3":"status-publish","4":"has-post-thumbnail","6":"product_cat-polkadot-chocolate-bars","8":"first","9":"instock","10":"shipping-taxable","11":"purchasable","12":"product-type-simple"},"jetpack_sharing_enabled":true,"_links":{"self":[{"href":"https:\/\/shroomschocolatebars.com\/de\/wp-json\/wp\/v2\/product\/1498","targetHints":{"allow":["GET"]}}],"collection":[{"href":"https:\/\/shroomschocolatebars.com\/de\/wp-json\/wp\/v2\/product"}],"about":[{"href":"https:\/\/shroomschocolatebars.com\/de\/wp-json\/wp\/v2\/types\/product"}],"replies":[{"embeddable":true,"href":"https:\/\/shroomschocolatebars.com\/de\/wp-json\/wp\/v2\/comments?post=1498"}],"wp:featuredmedia":[{"embeddable":true,"href":"https:\/\/shroomschocolatebars.com\/de\/wp-json\/wp\/v2\/media\/1499"}],"wp:attachment":[{"href":"https:\/\/shroomschocolatebars.com\/de\/wp-json\/wp\/v2\/media?parent=1498"}],"wp:term":[{"taxonomy":"product_brand","embeddable":true,"href":"https:\/\/shroomschocolatebars.com\/de\/wp-json\/wp\/v2\/product_brand?post=1498"},{"taxonomy":"product_cat","embeddable":true,"href":"https:\/\/shroomschocolatebars.com\/de\/wp-json\/wp\/v2\/product_cat?post=1498"},{"taxonomy":"product_tag","embeddable":true,"href":"https:\/\/shroomschocolatebars.com\/de\/wp-json\/wp\/v2\/product_tag?post=1498"}],"curies":[{"name":"wp","href":"https:\/\/api.w.org\/{rel}","templated":true}]}}