{"id":1305,"date":"2024-07-22T16:23:42","date_gmt":"2024-07-22T16:23:42","guid":{"rendered":"https:\/\/shroomschocolatebars.com\/?page_id=1305"},"modified":"2024-07-22T16:26:35","modified_gmt":"2024-07-22T16:26:35","slug":"uber-uns","status":"publish","type":"page","link":"https:\/\/shroomschocolatebars.com\/de\/about-us\/","title":{"rendered":"\u00dcber uns"},"content":{"rendered":"<p class=\"has-medium-font-size\">\u00dcber uns<\/p>\n\n\n\n<p class=\"has-medium-font-size\">Willkommen bei Shrooms Chocolate Bars! Seit 10 Jahren widmen wir uns der Herstellung von exquisiten Pilz-Schokoladenriegeln, die Gourmet-Schokolade mit den besten Pilzen kombinieren. Unsere Reise begann mit der Leidenschaft, einzigartige, k\u00f6stliche und gesundheitsbewusste Leckereien zu kreieren.<\/p>\n\n\n\n<p class=\"has-medium-font-size\">Wir von Shrooms Chocolate Bars glauben an die Magie von Pilzen und die Freude an Schokolade. Unsere Mission ist es, ein einzigartiges Geschmackserlebnis zu bieten, das nicht nur Ihre Sinne erfreut, sondern auch Ihr Wohlbefinden f\u00f6rdert. Wir sind stolz darauf, erstklassige Zutaten, nachhaltige Beschaffung und innovative Rezepte zu verwenden, um Ihnen die besten Pilzschokoladenriegel auf dem Markt zu bieten.<\/p>\n\n\n\n<p class=\"has-medium-font-size\">Unser Engagement f\u00fcr Qualit\u00e4t und Kundenzufriedenheit steht seit dem ersten Tag im Mittelpunkt unserer T\u00e4tigkeit. Wir sind dankbar f\u00fcr die Unterst\u00fctzung und das Vertrauen unserer treuen Kunden, die unseren Weg erst m\u00f6glich gemacht haben. Begleiten Sie uns, wenn wir weiterhin neue Geschmacksrichtungen erforschen und die Wunder der Pilzschokolade mit der Welt teilen.<\/p>\n\n\n\n<p class=\"has-medium-font-size\">Vielen Dank, dass Sie sich f\u00fcr Shrooms Chocolate Bars entschieden haben. Wir freuen uns darauf, Sie noch viele Jahre lang zu bedienen.<\/p>","protected":false},"excerpt":{"rendered":"<p>About Us Welcome to Shrooms Chocolate Bars! For the past 10 years, we have been dedicated to crafting exquisite mushroom chocolate bars that combine gourmet chocolate with the finest mushrooms. Our journey began with a passion for creating unique, delicious, and health-conscious treats. At Shrooms Chocolate Bars, we believe in the magic of mushrooms and [&#8230;]\n","protected":false},"author":1,"featured_media":0,"parent":0,"menu_order":0,"comment_status":"closed","ping_status":"closed","template":"","meta":{"footnotes":""},"class_list":["post-1305","page","type-page","status-publish","hentry"],"jetpack_sharing_enabled":true,"_links":{"self":[{"href":"https:\/\/shroomschocolatebars.com\/de\/wp-json\/wp\/v2\/pages\/1305","targetHints":{"allow":["GET"]}}],"collection":[{"href":"https:\/\/shroomschocolatebars.com\/de\/wp-json\/wp\/v2\/pages"}],"about":[{"href":"https:\/\/shroomschocolatebars.com\/de\/wp-json\/wp\/v2\/types\/page"}],"author":[{"embeddable":true,"href":"https:\/\/shroomschocolatebars.com\/de\/wp-json\/wp\/v2\/users\/1"}],"replies":[{"embeddable":true,"href":"https:\/\/shroomschocolatebars.com\/de\/wp-json\/wp\/v2\/comments?post=1305"}],"version-history":[{"count":0,"href":"https:\/\/shroomschocolatebars.com\/de\/wp-json\/wp\/v2\/pages\/1305\/revisions"}],"wp:attachment":[{"href":"https:\/\/shroomschocolatebars.com\/de\/wp-json\/wp\/v2\/media?parent=1305"}],"curies":[{"name":"wp","href":"https:\/\/api.w.org\/{rel}","templated":true}]}}