{"id":13,"date":"2024-07-22T16:06:14","date_gmt":"2024-07-22T16:06:14","guid":{"rendered":"https:\/\/shroomschocolatebars.com\/?page_id=13"},"modified":"2024-07-22T16:06:16","modified_gmt":"2024-07-22T16:06:16","slug":"erstattungs-und-ruckgabebestimmungen","status":"publish","type":"page","link":"https:\/\/shroomschocolatebars.com\/de\/refund-and-returns-policy\/","title":{"rendered":"Erstattungs- und R\u00fcckgabebestimmungen"},"content":{"rendered":"<p class=\"has-medium-font-size\">Wir von Shrooms Chocolate Bars m\u00f6chten, dass Sie mit Ihrem Kauf vollkommen zufrieden sind. Sollten Sie aus irgendeinem Grund mit Ihrer Bestellung nicht zufrieden sein, bieten wir Ihnen ein bequemes und kundenfreundliches R\u00fcckerstattungs- und R\u00fcckgabeverfahren.<\/p>\n\n\n\n<h4 class=\"wp-block-heading has-medium-font-size\">Erstattungspolitik<\/h4>\n\n\n\n<ul class=\"wp-block-list\">\n<li class=\"has-medium-font-size\"><strong>Zuschussf\u00e4higkeit<\/strong>: Sie k\u00f6nnen innerhalb von 7 Tagen nach Erhalt Ihrer Bestellung eine R\u00fcckerstattung beantragen.<\/li>\n\n\n\n<li class=\"has-medium-font-size\"><strong>Zustand<\/strong>: Die Artikel m\u00fcssen in ihrem urspr\u00fcnglichen Zustand, unge\u00f6ffnet und unbesch\u00e4digt zur\u00fcckgegeben werden.<\/li>\n\n\n\n<li class=\"has-medium-font-size\"><strong>Prozess<\/strong>: Um eine R\u00fcckerstattung in die Wege zu leiten, wenden Sie sich bitte unter Angabe Ihrer Bestellnummer und des Grundes f\u00fcr die R\u00fccksendung an unser Kundendienstteam. Wir werden Ihnen detaillierte Anweisungen zum weiteren Vorgehen geben.<\/li>\n<\/ul>\n\n\n\n<h4 class=\"wp-block-heading has-medium-font-size\">Prozess der R\u00fcckgabe<\/h4>\n\n\n\n<ol class=\"wp-block-list\">\n<li class=\"has-medium-font-size\"><strong>Kontakt<\/strong>: Wenden Sie sich innerhalb von 7 Tagen nach Erhalt Ihrer Bestellung an unser Kundendienstteam.<\/li>\n\n\n\n<li class=\"has-medium-font-size\"><strong>Anweisungen erhalten<\/strong>: Unser Team wird Ihnen eine R\u00fccksendegenehmigung und Anweisungen f\u00fcr den Versand des Artikels zukommen lassen.<\/li>\n\n\n\n<li class=\"has-medium-font-size\"><strong>Versand des Artikels<\/strong>: Senden Sie das Produkt in seiner Originalverpackung zur\u00fcck. Wir empfehlen die Verwendung einer verfolgbaren Versandmethode, um eine sichere Lieferung zu gew\u00e4hrleisten.<\/li>\n\n\n\n<li class=\"has-medium-font-size\"><strong>Ausgestellte Erstattung<\/strong>: Sobald wir den zur\u00fcckgegebenen Artikel erhalten und gepr\u00fcft haben, werden wir Ihre R\u00fcckerstattung bearbeiten. Die R\u00fcckerstattung wird innerhalb weniger Werktage auf die urspr\u00fcngliche Zahlungsmethode ausgestellt.<\/li>\n<\/ol>\n\n\n\n<h4 class=\"wp-block-heading has-medium-font-size\">Wichtige Hinweise<\/h4>\n\n\n\n<ul class=\"wp-block-list\">\n<li class=\"has-medium-font-size\"><strong>Kosten f\u00fcr den Versand<\/strong>: Der Kunde tr\u00e4gt die Kosten f\u00fcr die R\u00fccksendung, es sei denn, die R\u00fccksendung ist auf einen Fehler unsererseits zur\u00fcckzuf\u00fchren (z.B. falscher oder defekter Artikel).<\/li>\n\n\n\n<li class=\"has-medium-font-size\"><strong>Nicht erstattungsf\u00e4hige Artikel<\/strong>: Bestimmte Artikel, z. B. solche, die ge\u00f6ffnet oder benutzt wurden, k\u00f6nnen m\u00f6glicherweise nicht erstattet werden.<\/li>\n<\/ul>\n\n\n\n<p class=\"has-medium-font-size\">Wir bem\u00fchen uns, den Prozess der R\u00fcckerstattung und R\u00fcckgabe so einfach und stressfrei wie m\u00f6glich zu gestalten. Wenn Sie Fragen haben oder Hilfe ben\u00f6tigen, steht Ihnen unser Kundensupport-Team zur Verf\u00fcgung.<\/p>\n\n\n\n<p class=\"has-medium-font-size\">Vielen Dank f\u00fcr Ihren Einkauf bei Shrooms Chocolate Bars!<\/p>","protected":false},"excerpt":{"rendered":"<p>At Shrooms Chocolate Bars, we want you to be completely satisfied with your purchase. If for any reason you are not happy with your order, we offer a convenient and customer-friendly refund and returns policy. Refund Policy Returns Process Important Notes We strive to make our refund and returns process as easy and stress-free as [&#8230;]\n","protected":false},"author":1,"featured_media":0,"parent":0,"menu_order":0,"comment_status":"closed","ping_status":"closed","template":"","meta":{"footnotes":""},"class_list":["post-13","page","type-page","status-publish","hentry"],"jetpack_sharing_enabled":true,"_links":{"self":[{"href":"https:\/\/shroomschocolatebars.com\/de\/wp-json\/wp\/v2\/pages\/13","targetHints":{"allow":["GET"]}}],"collection":[{"href":"https:\/\/shroomschocolatebars.com\/de\/wp-json\/wp\/v2\/pages"}],"about":[{"href":"https:\/\/shroomschocolatebars.com\/de\/wp-json\/wp\/v2\/types\/page"}],"author":[{"embeddable":true,"href":"https:\/\/shroomschocolatebars.com\/de\/wp-json\/wp\/v2\/users\/1"}],"replies":[{"embeddable":true,"href":"https:\/\/shroomschocolatebars.com\/de\/wp-json\/wp\/v2\/comments?post=13"}],"version-history":[{"count":0,"href":"https:\/\/shroomschocolatebars.com\/de\/wp-json\/wp\/v2\/pages\/13\/revisions"}],"wp:attachment":[{"href":"https:\/\/shroomschocolatebars.com\/de\/wp-json\/wp\/v2\/media?parent=13"}],"curies":[{"name":"wp","href":"https:\/\/api.w.org\/{rel}","templated":true}]}}